{"id":225,"date":"2024-02-10T22:25:08","date_gmt":"2024-02-10T21:25:08","guid":{"rendered":"https:\/\/portafoliosap.casaalimenticia.com\/index.php\/producto\/sanduche-mixto-3-carnes\/"},"modified":"2025-02-05T13:53:24","modified_gmt":"2025-02-05T18:53:24","slug":"sanduche-mixto-3-carnes","status":"publish","type":"product","link":"https:\/\/portafoliosap.casaalimenticia.com\/index.php\/producto\/sanduche-mixto-3-carnes\/","title":{"rendered":"S\u00e1nduche mixto 3 carnes"},"content":{"rendered":"<p>Seg\u00fan disponibilidad: Se podr\u00eda contar con las opciones: jam\u00f3n, jamonada, jam\u00f3n de pollo, jam\u00f3n de pavo o salami.<\/p>\n","protected":false},"excerpt":{"rendered":"<p>S\u00e1nduche mixto 3 carnes: Pan Dan\u00e9s o artesanal o integral, carnes fr\u00edas 60 g, doble queso 40 g, lechuga, tomate, aderezo, bebida de 200 ml.<\/p>\n","protected":false},"featured_media":0,"template":"","meta":[],"product_brand":[],"product_cat":[26,15,17],"product_tag":[],"class_list":{"0":"post-225","1":"product","2":"type-product","3":"status-publish","5":"product_cat-sanduches","6":"product_cat-sin-categorizar","7":"product_cat-refrigerios","9":"first","10":"instock","11":"taxable","12":"shipping-taxable","13":"purchasable","14":"product-type-simple"},"jetpack_sharing_enabled":true,"_links":{"self":[{"href":"https:\/\/portafoliosap.casaalimenticia.com\/index.php\/wp-json\/wp\/v2\/product\/225","targetHints":{"allow":["GET"]}}],"collection":[{"href":"https:\/\/portafoliosap.casaalimenticia.com\/index.php\/wp-json\/wp\/v2\/product"}],"about":[{"href":"https:\/\/portafoliosap.casaalimenticia.com\/index.php\/wp-json\/wp\/v2\/types\/product"}],"wp:attachment":[{"href":"https:\/\/portafoliosap.casaalimenticia.com\/index.php\/wp-json\/wp\/v2\/media?parent=225"}],"wp:term":[{"taxonomy":"product_brand","embeddable":true,"href":"https:\/\/portafoliosap.casaalimenticia.com\/index.php\/wp-json\/wp\/v2\/product_brand?post=225"},{"taxonomy":"product_cat","embeddable":true,"href":"https:\/\/portafoliosap.casaalimenticia.com\/index.php\/wp-json\/wp\/v2\/product_cat?post=225"},{"taxonomy":"product_tag","embeddable":true,"href":"https:\/\/portafoliosap.casaalimenticia.com\/index.php\/wp-json\/wp\/v2\/product_tag?post=225"}],"curies":[{"name":"wp","href":"https:\/\/api.w.org\/{rel}","templated":true}]}}