{"id":222,"date":"2024-02-10T22:25:07","date_gmt":"2024-02-10T21:25:07","guid":{"rendered":"https:\/\/portafoliosap.casaalimenticia.com\/index.php\/producto\/refrigerio-sandwich-2-carnes\/"},"modified":"2025-02-05T13:53:24","modified_gmt":"2025-02-05T18:53:24","slug":"refrigerio-sandwich-2-carnes","status":"publish","type":"product","link":"https:\/\/portafoliosap.casaalimenticia.com\/index.php\/producto\/refrigerio-sandwich-2-carnes\/","title":{"rendered":"Refrigerio Sandwich 2 carnes en pan saludable o Dan\u00e9s"},"content":{"rendered":"<p>Incluye dos carnes fr\u00edas, seg\u00fan disponibilidad del momento: jam\u00f3n, jamonada, jam\u00f3n de pollo, jam\u00f3n de pavo, salami. Solo jugo en caja 200 ml en tetrapack<\/p>\n","protected":false},"excerpt":{"rendered":"<p>S\u00e1nduche en pan Saludable 0 Dan\u00e9s o artesanal, 2 carnes fr\u00edas (40 grs), queso mozarela (1 tajada) 20 grs, salsa seg\u00fan disponibilidad. Bebida de 200 ml.<\/p>\n<p>Sujeto a disponibilidad en el momento de confirmacion del pedido<\/p>\n<p>&nbsp;<\/p>\n","protected":false},"featured_media":406,"template":"","meta":[],"product_brand":[],"product_cat":[26,15,17],"product_tag":[],"class_list":{"0":"post-222","1":"product","2":"type-product","3":"status-publish","4":"has-post-thumbnail","6":"product_cat-sanduches","7":"product_cat-sin-categorizar","8":"product_cat-refrigerios","10":"first","11":"instock","12":"taxable","13":"shipping-taxable","14":"purchasable","15":"product-type-simple"},"jetpack_sharing_enabled":true,"_links":{"self":[{"href":"https:\/\/portafoliosap.casaalimenticia.com\/index.php\/wp-json\/wp\/v2\/product\/222","targetHints":{"allow":["GET"]}}],"collection":[{"href":"https:\/\/portafoliosap.casaalimenticia.com\/index.php\/wp-json\/wp\/v2\/product"}],"about":[{"href":"https:\/\/portafoliosap.casaalimenticia.com\/index.php\/wp-json\/wp\/v2\/types\/product"}],"wp:featuredmedia":[{"embeddable":true,"href":"https:\/\/portafoliosap.casaalimenticia.com\/index.php\/wp-json\/wp\/v2\/media\/406"}],"wp:attachment":[{"href":"https:\/\/portafoliosap.casaalimenticia.com\/index.php\/wp-json\/wp\/v2\/media?parent=222"}],"wp:term":[{"taxonomy":"product_brand","embeddable":true,"href":"https:\/\/portafoliosap.casaalimenticia.com\/index.php\/wp-json\/wp\/v2\/product_brand?post=222"},{"taxonomy":"product_cat","embeddable":true,"href":"https:\/\/portafoliosap.casaalimenticia.com\/index.php\/wp-json\/wp\/v2\/product_cat?post=222"},{"taxonomy":"product_tag","embeddable":true,"href":"https:\/\/portafoliosap.casaalimenticia.com\/index.php\/wp-json\/wp\/v2\/product_tag?post=222"}],"curies":[{"name":"wp","href":"https:\/\/api.w.org\/{rel}","templated":true}]}}