{"id":216,"date":"2024-02-10T22:25:05","date_gmt":"2024-02-10T21:25:05","guid":{"rendered":"https:\/\/portafoliosap.casaalimenticia.com\/index.php\/producto\/refrigerio-sandwich-cubano\/"},"modified":"2025-02-05T13:53:24","modified_gmt":"2025-02-05T18:53:24","slug":"refrigerio-sandwich-cubano","status":"publish","type":"product","link":"https:\/\/portafoliosap.casaalimenticia.com\/index.php\/producto\/refrigerio-sandwich-cubano\/","title":{"rendered":"Refrigerio Sandwich Cubano"},"content":{"rendered":"<p>Seg\u00fan disponibilidad: Se podr\u00eda contar con las opciones: jam\u00f3n, jamonada, jam\u00f3n de pollo, jam\u00f3n de pavo o salami<\/p>\n","protected":false},"excerpt":{"rendered":"<p>Sanduche Cubano con Pan tipo cubano, carnes fr\u00edas 2 tajadas, doble queso 40 g, lechuga, tomate, salsa showy, bebida de 200 ml.<\/p>\n","protected":false},"featured_media":404,"template":"","meta":[],"product_brand":[],"product_cat":[26,15,17],"product_tag":[],"class_list":{"0":"post-216","1":"product","2":"type-product","3":"status-publish","4":"has-post-thumbnail","6":"product_cat-sanduches","7":"product_cat-sin-categorizar","8":"product_cat-refrigerios","10":"first","11":"instock","12":"taxable","13":"shipping-taxable","14":"purchasable","15":"product-type-simple"},"jetpack_sharing_enabled":true,"_links":{"self":[{"href":"https:\/\/portafoliosap.casaalimenticia.com\/index.php\/wp-json\/wp\/v2\/product\/216","targetHints":{"allow":["GET"]}}],"collection":[{"href":"https:\/\/portafoliosap.casaalimenticia.com\/index.php\/wp-json\/wp\/v2\/product"}],"about":[{"href":"https:\/\/portafoliosap.casaalimenticia.com\/index.php\/wp-json\/wp\/v2\/types\/product"}],"wp:featuredmedia":[{"embeddable":true,"href":"https:\/\/portafoliosap.casaalimenticia.com\/index.php\/wp-json\/wp\/v2\/media\/404"}],"wp:attachment":[{"href":"https:\/\/portafoliosap.casaalimenticia.com\/index.php\/wp-json\/wp\/v2\/media?parent=216"}],"wp:term":[{"taxonomy":"product_brand","embeddable":true,"href":"https:\/\/portafoliosap.casaalimenticia.com\/index.php\/wp-json\/wp\/v2\/product_brand?post=216"},{"taxonomy":"product_cat","embeddable":true,"href":"https:\/\/portafoliosap.casaalimenticia.com\/index.php\/wp-json\/wp\/v2\/product_cat?post=216"},{"taxonomy":"product_tag","embeddable":true,"href":"https:\/\/portafoliosap.casaalimenticia.com\/index.php\/wp-json\/wp\/v2\/product_tag?post=216"}],"curies":[{"name":"wp","href":"https:\/\/api.w.org\/{rel}","templated":true}]}}