{"id":192,"date":"2024-02-10T22:24:57","date_gmt":"2024-02-10T21:24:57","guid":{"rendered":"https:\/\/portafoliosap.casaalimenticia.com\/index.php\/producto\/tipico-con-chicharron-y-carne-molida\/"},"modified":"2025-03-16T11:37:24","modified_gmt":"2025-03-16T16:37:24","slug":"tipico-con-chicharron-y-carne-molida","status":"publish","type":"product","link":"https:\/\/portafoliosap.casaalimenticia.com\/index.php\/producto\/tipico-con-chicharron-y-carne-molida\/","title":{"rendered":"T\u00edpico con chicharr\u00f3n y carne molida"},"content":{"rendered":"<p>Para manejo de carne molida solo para grupos menores a 500 personas. Para grupos mayores de 1000 personas, no se recomienda manejo de ensalada.<\/p>\n","protected":false},"excerpt":{"rendered":"<p>T\u00edpico con chicharr\u00f3n y carne molida: Frijoles 240 gramos, arroz 120 grs, ensalada 60 grs, tajada de maduro 50 grs, chicharr\u00f3n 100grs y carne molida 40 grs, arepa y bebida de 200 ml.Son dos carnes.<\/p>\n","protected":false},"featured_media":616,"template":"","meta":[],"product_brand":[],"product_cat":[18,25,15],"product_tag":[],"class_list":{"0":"post-192","1":"product","2":"type-product","3":"status-publish","4":"has-post-thumbnail","6":"product_cat-almuerzos","7":"product_cat-almuerzos-tipicos","8":"product_cat-sin-categorizar","10":"first","11":"instock","12":"taxable","13":"shipping-taxable","14":"purchasable","15":"product-type-simple"},"jetpack_sharing_enabled":true,"_links":{"self":[{"href":"https:\/\/portafoliosap.casaalimenticia.com\/index.php\/wp-json\/wp\/v2\/product\/192","targetHints":{"allow":["GET"]}}],"collection":[{"href":"https:\/\/portafoliosap.casaalimenticia.com\/index.php\/wp-json\/wp\/v2\/product"}],"about":[{"href":"https:\/\/portafoliosap.casaalimenticia.com\/index.php\/wp-json\/wp\/v2\/types\/product"}],"wp:featuredmedia":[{"embeddable":true,"href":"https:\/\/portafoliosap.casaalimenticia.com\/index.php\/wp-json\/wp\/v2\/media\/616"}],"wp:attachment":[{"href":"https:\/\/portafoliosap.casaalimenticia.com\/index.php\/wp-json\/wp\/v2\/media?parent=192"}],"wp:term":[{"taxonomy":"product_brand","embeddable":true,"href":"https:\/\/portafoliosap.casaalimenticia.com\/index.php\/wp-json\/wp\/v2\/product_brand?post=192"},{"taxonomy":"product_cat","embeddable":true,"href":"https:\/\/portafoliosap.casaalimenticia.com\/index.php\/wp-json\/wp\/v2\/product_cat?post=192"},{"taxonomy":"product_tag","embeddable":true,"href":"https:\/\/portafoliosap.casaalimenticia.com\/index.php\/wp-json\/wp\/v2\/product_tag?post=192"}],"curies":[{"name":"wp","href":"https:\/\/api.w.org\/{rel}","templated":true}]}}