{"id":191,"date":"2024-02-10T22:24:57","date_gmt":"2024-02-10T21:24:57","guid":{"rendered":"https:\/\/portafoliosap.casaalimenticia.com\/index.php\/producto\/tipico-montanero\/"},"modified":"2025-02-05T13:53:22","modified_gmt":"2025-02-05T18:53:22","slug":"tipico-montanero","status":"publish","type":"product","link":"https:\/\/portafoliosap.casaalimenticia.com\/index.php\/producto\/tipico-montanero\/","title":{"rendered":"T\u00edpico monta\u00f1ero"},"content":{"rendered":"","protected":false},"excerpt":{"rendered":"<p>T\u00edpico con Fr\u00edjoles 240 g, arroz blanco 120 g, chicharr\u00f3n de 100 g, chorizo de 50 g, morcilla de 50 g, carne molida 50 g, 1 und huevo, 1 tajada de maduro 50 g, ensalada 60 g, 1 und arepa, bebida de 200 ml.<\/p>\n","protected":false},"featured_media":461,"template":"","meta":[],"product_brand":[],"product_cat":[18,25,15],"product_tag":[],"class_list":{"0":"post-191","1":"product","2":"type-product","3":"status-publish","4":"has-post-thumbnail","6":"product_cat-almuerzos","7":"product_cat-almuerzos-tipicos","8":"product_cat-sin-categorizar","10":"first","11":"instock","12":"taxable","13":"shipping-taxable","14":"purchasable","15":"product-type-simple"},"jetpack_sharing_enabled":true,"_links":{"self":[{"href":"https:\/\/portafoliosap.casaalimenticia.com\/index.php\/wp-json\/wp\/v2\/product\/191","targetHints":{"allow":["GET"]}}],"collection":[{"href":"https:\/\/portafoliosap.casaalimenticia.com\/index.php\/wp-json\/wp\/v2\/product"}],"about":[{"href":"https:\/\/portafoliosap.casaalimenticia.com\/index.php\/wp-json\/wp\/v2\/types\/product"}],"wp:featuredmedia":[{"embeddable":true,"href":"https:\/\/portafoliosap.casaalimenticia.com\/index.php\/wp-json\/wp\/v2\/media\/461"}],"wp:attachment":[{"href":"https:\/\/portafoliosap.casaalimenticia.com\/index.php\/wp-json\/wp\/v2\/media?parent=191"}],"wp:term":[{"taxonomy":"product_brand","embeddable":true,"href":"https:\/\/portafoliosap.casaalimenticia.com\/index.php\/wp-json\/wp\/v2\/product_brand?post=191"},{"taxonomy":"product_cat","embeddable":true,"href":"https:\/\/portafoliosap.casaalimenticia.com\/index.php\/wp-json\/wp\/v2\/product_cat?post=191"},{"taxonomy":"product_tag","embeddable":true,"href":"https:\/\/portafoliosap.casaalimenticia.com\/index.php\/wp-json\/wp\/v2\/product_tag?post=191"}],"curies":[{"name":"wp","href":"https:\/\/api.w.org\/{rel}","templated":true}]}}