{"id":189,"date":"2024-02-10T22:24:56","date_gmt":"2024-02-10T21:24:56","guid":{"rendered":"https:\/\/portafoliosap.casaalimenticia.com\/index.php\/producto\/tipico-tres-carnes\/"},"modified":"2025-03-16T11:40:26","modified_gmt":"2025-03-16T16:40:26","slug":"tipico-tres-carnes","status":"publish","type":"product","link":"https:\/\/portafoliosap.casaalimenticia.com\/index.php\/producto\/tipico-tres-carnes\/","title":{"rendered":"T\u00edpico tres carnes"},"content":{"rendered":"<p>Manejar carne molida unicamente para grupos menores a 1000 personas.<\/p>\n","protected":false},"excerpt":{"rendered":"<p>T\u00edpico tres carnes: Fr\u00edjoles 240 g, arroz 120 g, ensalada 60 grs, tajada de maduro 50 g, chicharr\u00f3n 100g, chorizo 50 g, carne molida 40 g, arepa y bebida de 200 ml.<\/p>\n","protected":false},"featured_media":614,"template":"","meta":[],"product_brand":[],"product_cat":[18,25,15],"product_tag":[],"class_list":{"0":"post-189","1":"product","2":"type-product","3":"status-publish","4":"has-post-thumbnail","6":"product_cat-almuerzos","7":"product_cat-almuerzos-tipicos","8":"product_cat-sin-categorizar","10":"first","11":"outofstock","12":"taxable","13":"shipping-taxable","14":"purchasable","15":"product-type-simple"},"jetpack_sharing_enabled":true,"_links":{"self":[{"href":"https:\/\/portafoliosap.casaalimenticia.com\/index.php\/wp-json\/wp\/v2\/product\/189","targetHints":{"allow":["GET"]}}],"collection":[{"href":"https:\/\/portafoliosap.casaalimenticia.com\/index.php\/wp-json\/wp\/v2\/product"}],"about":[{"href":"https:\/\/portafoliosap.casaalimenticia.com\/index.php\/wp-json\/wp\/v2\/types\/product"}],"wp:featuredmedia":[{"embeddable":true,"href":"https:\/\/portafoliosap.casaalimenticia.com\/index.php\/wp-json\/wp\/v2\/media\/614"}],"wp:attachment":[{"href":"https:\/\/portafoliosap.casaalimenticia.com\/index.php\/wp-json\/wp\/v2\/media?parent=189"}],"wp:term":[{"taxonomy":"product_brand","embeddable":true,"href":"https:\/\/portafoliosap.casaalimenticia.com\/index.php\/wp-json\/wp\/v2\/product_brand?post=189"},{"taxonomy":"product_cat","embeddable":true,"href":"https:\/\/portafoliosap.casaalimenticia.com\/index.php\/wp-json\/wp\/v2\/product_cat?post=189"},{"taxonomy":"product_tag","embeddable":true,"href":"https:\/\/portafoliosap.casaalimenticia.com\/index.php\/wp-json\/wp\/v2\/product_tag?post=189"}],"curies":[{"name":"wp","href":"https:\/\/api.w.org\/{rel}","templated":true}]}}