{"id":183,"date":"2024-02-10T22:24:55","date_gmt":"2024-02-10T21:24:55","guid":{"rendered":"https:\/\/portafoliosap.casaalimenticia.com\/index.php\/producto\/cazuela-vegetariana\/"},"modified":"2025-02-05T13:53:22","modified_gmt":"2025-02-05T18:53:22","slug":"cazuela-vegetariana","status":"publish","type":"product","link":"https:\/\/portafoliosap.casaalimenticia.com\/index.php\/producto\/cazuela-vegetariana\/","title":{"rendered":"Cazuela vegetariana"},"content":{"rendered":"","protected":false},"excerpt":{"rendered":"<p>Deliciosa Cazuela de fr\u00edjoles 240g , maduritos 50g , ma\u00edz tierno 25g, viruta de papa 10 g acompa\u00f1ada de arroz 120g, 1 und arepa, guacamole 30 g o ensalada 60 g (seg\u00fan disponibilidad) y bebida 200ml.<\/p>\n","protected":false},"featured_media":403,"template":"","meta":[],"product_brand":[],"product_cat":[18,15],"product_tag":[],"class_list":{"0":"post-183","1":"product","2":"type-product","3":"status-publish","4":"has-post-thumbnail","6":"product_cat-almuerzos","7":"product_cat-sin-categorizar","9":"first","10":"instock","11":"taxable","12":"shipping-taxable","13":"purchasable","14":"product-type-simple"},"jetpack_sharing_enabled":true,"_links":{"self":[{"href":"https:\/\/portafoliosap.casaalimenticia.com\/index.php\/wp-json\/wp\/v2\/product\/183","targetHints":{"allow":["GET"]}}],"collection":[{"href":"https:\/\/portafoliosap.casaalimenticia.com\/index.php\/wp-json\/wp\/v2\/product"}],"about":[{"href":"https:\/\/portafoliosap.casaalimenticia.com\/index.php\/wp-json\/wp\/v2\/types\/product"}],"wp:featuredmedia":[{"embeddable":true,"href":"https:\/\/portafoliosap.casaalimenticia.com\/index.php\/wp-json\/wp\/v2\/media\/403"}],"wp:attachment":[{"href":"https:\/\/portafoliosap.casaalimenticia.com\/index.php\/wp-json\/wp\/v2\/media?parent=183"}],"wp:term":[{"taxonomy":"product_brand","embeddable":true,"href":"https:\/\/portafoliosap.casaalimenticia.com\/index.php\/wp-json\/wp\/v2\/product_brand?post=183"},{"taxonomy":"product_cat","embeddable":true,"href":"https:\/\/portafoliosap.casaalimenticia.com\/index.php\/wp-json\/wp\/v2\/product_cat?post=183"},{"taxonomy":"product_tag","embeddable":true,"href":"https:\/\/portafoliosap.casaalimenticia.com\/index.php\/wp-json\/wp\/v2\/product_tag?post=183"}],"curies":[{"name":"wp","href":"https:\/\/api.w.org\/{rel}","templated":true}]}}