{"id":174,"date":"2024-02-10T22:24:52","date_gmt":"2024-02-10T21:24:52","guid":{"rendered":"https:\/\/portafoliosap.casaalimenticia.com\/index.php\/producto\/menu-especial-2\/"},"modified":"2025-02-05T13:53:22","modified_gmt":"2025-02-05T18:53:22","slug":"menu-especial-2","status":"publish","type":"product","link":"https:\/\/portafoliosap.casaalimenticia.com\/index.php\/producto\/menu-especial-2\/","title":{"rendered":"Men\u00fa especial 2"},"content":{"rendered":"<p>Verificar con el parque capacidad de mesas. Se pueden atender hasta 200 personas simult\u00e1neas, seg\u00fan capacidad del restaurante.<\/p>\n","protected":false},"excerpt":{"rendered":"<p>Men\u00fa especial 2: Crema del d\u00eda 240 grs, medall\u00f3n de pollo 125 grs, pure de papas 80 g , arroz dorado 120 grs, ensalada jardinera 60 a 80g, bebida de 200 ml.<\/p>\n","protected":false},"featured_media":0,"template":"","meta":[],"product_brand":[],"product_cat":[18,15],"product_tag":[],"class_list":{"0":"post-174","1":"product","2":"type-product","3":"status-publish","5":"product_cat-almuerzos","6":"product_cat-sin-categorizar","8":"first","9":"instock","10":"taxable","11":"shipping-taxable","12":"purchasable","13":"product-type-simple"},"jetpack_sharing_enabled":true,"_links":{"self":[{"href":"https:\/\/portafoliosap.casaalimenticia.com\/index.php\/wp-json\/wp\/v2\/product\/174","targetHints":{"allow":["GET"]}}],"collection":[{"href":"https:\/\/portafoliosap.casaalimenticia.com\/index.php\/wp-json\/wp\/v2\/product"}],"about":[{"href":"https:\/\/portafoliosap.casaalimenticia.com\/index.php\/wp-json\/wp\/v2\/types\/product"}],"wp:attachment":[{"href":"https:\/\/portafoliosap.casaalimenticia.com\/index.php\/wp-json\/wp\/v2\/media?parent=174"}],"wp:term":[{"taxonomy":"product_brand","embeddable":true,"href":"https:\/\/portafoliosap.casaalimenticia.com\/index.php\/wp-json\/wp\/v2\/product_brand?post=174"},{"taxonomy":"product_cat","embeddable":true,"href":"https:\/\/portafoliosap.casaalimenticia.com\/index.php\/wp-json\/wp\/v2\/product_cat?post=174"},{"taxonomy":"product_tag","embeddable":true,"href":"https:\/\/portafoliosap.casaalimenticia.com\/index.php\/wp-json\/wp\/v2\/product_tag?post=174"}],"curies":[{"name":"wp","href":"https:\/\/api.w.org\/{rel}","templated":true}]}}