{"id":168,"date":"2024-02-10T22:24:50","date_gmt":"2024-02-10T21:24:50","guid":{"rendered":"https:\/\/portafoliosap.casaalimenticia.com\/index.php\/producto\/wrap-arcoiris\/"},"modified":"2025-02-05T13:53:22","modified_gmt":"2025-02-05T18:53:22","slug":"wrap-arcoiris","status":"publish","type":"product","link":"https:\/\/portafoliosap.casaalimenticia.com\/index.php\/producto\/wrap-arcoiris\/","title":{"rendered":"New Wrap Arco\u00edris"},"content":{"rendered":"<p>Venta m\u00ednimo para 10 personas, pedido con anticipaci\u00f3n<\/p>\n","protected":false},"excerpt":{"rendered":"<p>New Wrap Arco\u00edris:  espinacas, col morada, tomates, Zanahoria, pesto , aderezo bals\u00e1mico con una prote\u00edna de su elecci\u00f3n 80g (pollo, lomo, deditos de pescado, carne desmechada o champi\u00f1ones), acompa\u00f1ado de 1 und de fruta de temporada o chips de pl\u00e1tano 25 g, bebida de 200 ml.<\/p>\n","protected":false},"featured_media":0,"template":"","meta":[],"product_brand":[],"product_cat":[18,15],"product_tag":[],"class_list":{"0":"post-168","1":"product","2":"type-product","3":"status-publish","5":"product_cat-almuerzos","6":"product_cat-sin-categorizar","8":"first","9":"instock","10":"taxable","11":"shipping-taxable","12":"purchasable","13":"product-type-simple"},"jetpack_sharing_enabled":true,"_links":{"self":[{"href":"https:\/\/portafoliosap.casaalimenticia.com\/index.php\/wp-json\/wp\/v2\/product\/168","targetHints":{"allow":["GET"]}}],"collection":[{"href":"https:\/\/portafoliosap.casaalimenticia.com\/index.php\/wp-json\/wp\/v2\/product"}],"about":[{"href":"https:\/\/portafoliosap.casaalimenticia.com\/index.php\/wp-json\/wp\/v2\/types\/product"}],"wp:attachment":[{"href":"https:\/\/portafoliosap.casaalimenticia.com\/index.php\/wp-json\/wp\/v2\/media?parent=168"}],"wp:term":[{"taxonomy":"product_brand","embeddable":true,"href":"https:\/\/portafoliosap.casaalimenticia.com\/index.php\/wp-json\/wp\/v2\/product_brand?post=168"},{"taxonomy":"product_cat","embeddable":true,"href":"https:\/\/portafoliosap.casaalimenticia.com\/index.php\/wp-json\/wp\/v2\/product_cat?post=168"},{"taxonomy":"product_tag","embeddable":true,"href":"https:\/\/portafoliosap.casaalimenticia.com\/index.php\/wp-json\/wp\/v2\/product_tag?post=168"}],"curies":[{"name":"wp","href":"https:\/\/api.w.org\/{rel}","templated":true}]}}